{"id":151,"date":"2017-03-15T14:33:20","date_gmt":"2017-03-15T13:33:20","guid":{"rendered":"http:\/\/teamtetesraids.fr\/?page_id=151"},"modified":"2017-05-03T09:45:20","modified_gmt":"2017-05-03T07:45:20","slug":"les-epreuves-de-ledition-2017","status":"publish","type":"page","link":"https:\/\/teamtetesraids.fr\/index.php\/les-epreuves-de-ledition-2017\/","title":{"rendered":"Les \u00e9preuves de l&rsquo;\u00e9dition 2017"},"content":{"rendered":"<p>Plus qu&rsquo;un Raid, l&rsquo;aventure qui vous est propos\u00e9, c&rsquo;est la d\u00e9couverte de 2 distances au c\u0153ur du bocage Bressuirais.<\/p>\n<p>Le souhait de l&rsquo;asso TTR est de vous offrir&nbsp;une multitude d&rsquo;activit\u00e9s, sportives et ludiques, <strong>sur de courtes distances<\/strong>.<\/p>\n<ul>\n<li>Des sections VTT courtes et \u00ab\u00a0roulantes\u00a0\u00bb sur la distance Aiglons,<\/li>\n<li>Des CO plus techniques pour la distance Aigles.<\/li>\n<\/ul>\n<div id=\"attachment_282\" style=\"width: 222px\" class=\"wp-caption aligncenter\"><a href=\"http:\/\/teamtetesraids.fr\/wp-content\/uploads\/2017\/05\/Raidbook1.jpg\"><img aria-describedby=\"caption-attachment-282\" decoding=\"async\" loading=\"lazy\" class=\"size-medium wp-image-282\" src=\"http:\/\/teamtetesraids.fr\/wp-content\/uploads\/2017\/05\/Raidbook1-212x300.jpg\" alt=\"Le raidbook\" width=\"212\" height=\"300\" srcset=\"https:\/\/teamtetesraids.fr\/wp-content\/uploads\/2017\/05\/Raidbook1-212x300.jpg 212w, https:\/\/teamtetesraids.fr\/wp-content\/uploads\/2017\/05\/Raidbook1-768x1086.jpg 768w, https:\/\/teamtetesraids.fr\/wp-content\/uploads\/2017\/05\/Raidbook1-724x1024.jpg 724w\" sizes=\"(max-width: 212px) 100vw, 212px\" \/><\/a><p id=\"caption-attachment-282\" class=\"wp-caption-text\">Le raidbook<\/p><\/div>\n<p>Plus de 20 \u00e9preuves diff\u00e9rentes sur les 2 journ\u00e9es :<\/p>\n<ul>\n<li>5 courses d&rsquo;orientations( au score, m\u00e9mo&#8230;)<\/li>\n<li>Suivi d&rsquo;itin\u00e9raire VTT,<\/li>\n<li>VTT en ligne<\/li>\n<li>VTT Road book,<\/li>\n<li>Escalade,<\/li>\n<li>Bike &amp; Run,<\/li>\n<li>Biathlon,<\/li>\n<li>Trail,<\/li>\n<li>Tir,<\/li>\n<li>Orient Show,<\/li>\n<li>\u00c9preuve aquatique,<\/li>\n<li>Et encore plus de surprises \u00e0 d\u00e9couvrir le jour du raid.<\/li>\n<\/ul>\n","protected":false},"excerpt":{"rendered":"<p>Plus qu&rsquo;un Raid, l&rsquo;aventure qui vous est propos\u00e9, c&rsquo;est la d\u00e9couverte de 2 distances au c\u0153ur du bocage Bressuirais. Le souhait de l&rsquo;asso TTR est de vous offrir&nbsp;une multitude d&rsquo;activit\u00e9s, sportives et ludiques, sur de courtes distances. Des sections VTT courtes et \u00ab\u00a0roulantes\u00a0\u00bb sur la distance Aiglons, Des CO plus techniques pour la distance Aigles. [&hellip;]<\/p>\n","protected":false},"author":1,"featured_media":0,"parent":0,"menu_order":0,"comment_status":"closed","ping_status":"closed","template":"","meta":{"ngg_post_thumbnail":0},"_links":{"self":[{"href":"https:\/\/teamtetesraids.fr\/index.php\/wp-json\/wp\/v2\/pages\/151"}],"collection":[{"href":"https:\/\/teamtetesraids.fr\/index.php\/wp-json\/wp\/v2\/pages"}],"about":[{"href":"https:\/\/teamtetesraids.fr\/index.php\/wp-json\/wp\/v2\/types\/page"}],"author":[{"embeddable":true,"href":"https:\/\/teamtetesraids.fr\/index.php\/wp-json\/wp\/v2\/users\/1"}],"replies":[{"embeddable":true,"href":"https:\/\/teamtetesraids.fr\/index.php\/wp-json\/wp\/v2\/comments?post=151"}],"version-history":[{"count":6,"href":"https:\/\/teamtetesraids.fr\/index.php\/wp-json\/wp\/v2\/pages\/151\/revisions"}],"predecessor-version":[{"id":288,"href":"https:\/\/teamtetesraids.fr\/index.php\/wp-json\/wp\/v2\/pages\/151\/revisions\/288"}],"wp:attachment":[{"href":"https:\/\/teamtetesraids.fr\/index.php\/wp-json\/wp\/v2\/media?parent=151"}],"curies":[{"name":"wp","href":"https:\/\/api.w.org\/{rel}","templated":true}]}}