{"id":705,"date":"2020-08-31T20:45:53","date_gmt":"2020-08-31T18:45:53","guid":{"rendered":"http:\/\/teamtetesraids.fr\/?page_id=705"},"modified":"2021-10-30T18:46:31","modified_gmt":"2021-10-30T16:46:31","slug":"co-nocturne-2020","status":"publish","type":"page","link":"https:\/\/teamtetesraids.fr\/index.php\/co-nocturne-2020\/","title":{"rendered":"CO nocturne 2021"},"content":{"rendered":"\n<p><\/p>\n\n\n<blockquote>\n<div dir=\"ltr\">\n<div dir=\"ltr\">\n<div class=\"gmail_quote\">\n<div dir=\"ltr\"><span style=\"color: #ffffff;\">Bonjour,<\/span>\n<div><span style=\"color: #ffffff;\">Bravo \u00e0 vous tous, pour avoir brav\u00e9 la pluie durant cette \u00e9dition 2021.<\/span><\/div>\n<div><span style=\"color: #ffffff;\">Nous esp\u00e9rons que vous avez pass\u00e9 un bon moment en notre compagnie.<\/span><\/div>\n<div><span style=\"color: #ffffff;\">Vous trouverez en pi\u00e8ces jointes les r\u00e9sultats des 2 distances.<\/span><\/div>\n<div><span style=\"color: #ffffff;\">Mea culpa de notre part concernant la qualit\u00e9 des cartes de pointage, qui n&rsquo;\u00e9taient pas adapt\u00e9es pour r\u00e9sister \u00e0 la pluie, nous corrigerons le tir pour la prochaine fois.<\/span><\/div>\n<div><span style=\"color: #ffffff;\">Nous avons fait notre max pour restituer toutes les balises que vous avez pu pointer.<\/span><\/div>\n<div><span style=\"color: #ffffff;\">A bient\u00f4t<\/span><\/div>\n<div>&nbsp;<\/div>\n<div><span style=\"color: #ffffff;\">La Team T\u00eatesraid&rsquo;s<\/span><\/div>\n<\/div>\n<\/div>\n<\/div>\n<\/div>\n<\/blockquote>\n<p><a href=\"http:\/\/teamtetesraids.fr\/wp-content\/uploads\/2021\/10\/2021-Classement-CO-Nocturne-2h30-Final.pdf\">2021-Classement CO Nocturne 2h30 Final<\/a><\/p>\n<p><!--more--><a href=\"http:\/\/teamtetesraids.fr\/wp-content\/uploads\/2021\/10\/2021-Classement-CO-famille.pdf\">2021-Classement CO famille<\/a><\/p>\n\n","protected":false},"excerpt":{"rendered":"<p>Bonjour, Bravo \u00e0 vous tous, pour avoir brav\u00e9 la pluie durant cette \u00e9dition 2021. Nous esp\u00e9rons que vous avez pass\u00e9 un bon moment en notre compagnie. Vous trouverez en pi\u00e8ces jointes les r\u00e9sultats des 2 distances. Mea culpa de notre part concernant la qualit\u00e9 des cartes de pointage, qui n&rsquo;\u00e9taient pas adapt\u00e9es pour r\u00e9sister \u00e0 [&hellip;]<\/p>\n","protected":false},"author":1,"featured_media":0,"parent":0,"menu_order":0,"comment_status":"closed","ping_status":"closed","template":"","meta":{"ngg_post_thumbnail":0},"_links":{"self":[{"href":"https:\/\/teamtetesraids.fr\/index.php\/wp-json\/wp\/v2\/pages\/705"}],"collection":[{"href":"https:\/\/teamtetesraids.fr\/index.php\/wp-json\/wp\/v2\/pages"}],"about":[{"href":"https:\/\/teamtetesraids.fr\/index.php\/wp-json\/wp\/v2\/types\/page"}],"author":[{"embeddable":true,"href":"https:\/\/teamtetesraids.fr\/index.php\/wp-json\/wp\/v2\/users\/1"}],"replies":[{"embeddable":true,"href":"https:\/\/teamtetesraids.fr\/index.php\/wp-json\/wp\/v2\/comments?post=705"}],"version-history":[{"count":10,"href":"https:\/\/teamtetesraids.fr\/index.php\/wp-json\/wp\/v2\/pages\/705\/revisions"}],"predecessor-version":[{"id":743,"href":"https:\/\/teamtetesraids.fr\/index.php\/wp-json\/wp\/v2\/pages\/705\/revisions\/743"}],"wp:attachment":[{"href":"https:\/\/teamtetesraids.fr\/index.php\/wp-json\/wp\/v2\/media?parent=705"}],"curies":[{"name":"wp","href":"https:\/\/api.w.org\/{rel}","templated":true}]}}