{"id":757,"date":"2023-11-01T17:38:56","date_gmt":"2023-11-01T16:38:56","guid":{"rendered":"https:\/\/teamtetesraids.fr\/?page_id=757"},"modified":"2023-11-01T18:25:25","modified_gmt":"2023-11-01T17:25:25","slug":"co-halloween-2023","status":"publish","type":"page","link":"https:\/\/teamtetesraids.fr\/index.php\/co-halloween-2023\/","title":{"rendered":"Co Halloween 2023"},"content":{"rendered":"<div class=\"blog-post-title-wrapper\">\n<p>Merci \u00e0 tous les participants d\u2019avoir contribu\u00e9 \u00e0 la r\u00e9ussite de notre traditionnelle CO d\u2019Halloween . Nous nous excusons pour le d\u00e9sagr\u00e9ments li\u00e9s \u00e0 la qualit\u00e9 d\u2019impression des cartes et veillerons \u00e0 r\u00e9soudre cette probl\u00e9matique lors de notre prochaine \u00e9dition.&nbsp;<\/p>\n<p>Votre fid\u00e9lit\u00e9 et votre bonne humeur nous motivent \u00e0 la reconduire avec engouement et frayeur.&nbsp;<\/p>\n<p>Rendez-vous l\u2019ann\u00e9e prochaine<\/p>\n<p>R\u00e9sultats:&nbsp;<\/p>\n<p><a href=\"http:\/\/teamtetesraids.fr\/wp-content\/uploads\/2023\/11\/2023-Classement-CO-Nocturne-1h30.pdf\">2023-Classement CO Nocturne 1h30<\/a><\/p>\n<p><a href=\"http:\/\/teamtetesraids.fr\/wp-content\/uploads\/2023\/11\/2023-Classement-CO-Nocturne-1h30-sans-de\u0301tail.pdf\">2023-Classement CO Nocturne 1h30 sans de\u0301tail<\/a><\/p>\n<p><a href=\"http:\/\/teamtetesraids.fr\/wp-content\/uploads\/2023\/11\/2023-Classement-CO-Nocturne-2h30-sans-de\u0301tail.pdf\">2023-Classement CO Nocturne 2h30 sans de\u0301tail<\/a><\/p>\n<p><a href=\"http:\/\/teamtetesraids.fr\/wp-content\/uploads\/2023\/11\/2023-Classement-CO-Nocturne-2h30.pdf\">2023-Classement CO Nocturne 2h30<\/a><\/p>\n<\/div>\n\n\n<p>Photos:<\/p>\n\n\n\n<p><a href=\"https:\/\/photos.app.goo.gl\/Y6iNn252kp1gvHye8\">https:\/\/photos.app.goo.gl\/Y6iNn252kp1gvHye8<\/a><\/p>\n","protected":false},"excerpt":{"rendered":"<p>Merci \u00e0 tous les participants d\u2019avoir contribu\u00e9 \u00e0 la r\u00e9ussite de notre traditionnelle CO d\u2019Halloween . Nous nous excusons pour le d\u00e9sagr\u00e9ments li\u00e9s \u00e0 la qualit\u00e9 d\u2019impression des cartes et veillerons \u00e0 r\u00e9soudre cette probl\u00e9matique lors de notre prochaine \u00e9dition.&nbsp; Votre fid\u00e9lit\u00e9 et votre bonne humeur nous motivent \u00e0 la reconduire avec engouement et frayeur.&nbsp; [&hellip;]<\/p>\n","protected":false},"author":1,"featured_media":0,"parent":0,"menu_order":0,"comment_status":"closed","ping_status":"closed","template":"","meta":{"ngg_post_thumbnail":0},"_links":{"self":[{"href":"https:\/\/teamtetesraids.fr\/index.php\/wp-json\/wp\/v2\/pages\/757"}],"collection":[{"href":"https:\/\/teamtetesraids.fr\/index.php\/wp-json\/wp\/v2\/pages"}],"about":[{"href":"https:\/\/teamtetesraids.fr\/index.php\/wp-json\/wp\/v2\/types\/page"}],"author":[{"embeddable":true,"href":"https:\/\/teamtetesraids.fr\/index.php\/wp-json\/wp\/v2\/users\/1"}],"replies":[{"embeddable":true,"href":"https:\/\/teamtetesraids.fr\/index.php\/wp-json\/wp\/v2\/comments?post=757"}],"version-history":[{"count":4,"href":"https:\/\/teamtetesraids.fr\/index.php\/wp-json\/wp\/v2\/pages\/757\/revisions"}],"predecessor-version":[{"id":770,"href":"https:\/\/teamtetesraids.fr\/index.php\/wp-json\/wp\/v2\/pages\/757\/revisions\/770"}],"wp:attachment":[{"href":"https:\/\/teamtetesraids.fr\/index.php\/wp-json\/wp\/v2\/media?parent=757"}],"curies":[{"name":"wp","href":"https:\/\/api.w.org\/{rel}","templated":true}]}}