{"id":85,"date":"2018-02-08T15:25:45","date_gmt":"2018-02-08T14:25:45","guid":{"rendered":"http:\/\/teamtetesraids.fr\/?page_id=85"},"modified":"2021-09-14T09:45:41","modified_gmt":"2021-09-14T07:45:41","slug":"lasso-ttr","status":"publish","type":"page","link":"https:\/\/teamtetesraids.fr\/index.php\/lasso-ttr\/","title":{"rendered":"L&rsquo;asso TTR"},"content":{"rendered":"<p>L&rsquo;association TTR \u00e0 \u00e9t\u00e9 cr\u00e9er en 2011, elle r\u00e9unit une bande de copain passionn\u00e9 de Course Outdoor et particuli\u00e8rement toutes les \u00e9preuves ou l&rsquo;orientation est reine.<\/p>\n<p>Nous organisons une course d&rsquo;orientation annuelle&nbsp;<\/p>\n<p>Cette ann\u00e9e nous avons 10 ans<\/p>\n<div style=\"width: 600px;\" class=\"wp-video\"><!--[if lt IE 9]><script>document.createElement('video');<\/script><![endif]-->\n<video class=\"wp-video-shortcode\" id=\"video-85-1\" width=\"600\" height=\"450\" preload=\"metadata\" controls=\"controls\"><source type=\"video\/mp4\" src=\"http:\/\/teamtetesraids.fr\/wp-content\/uploads\/2021\/09\/10000000_407677717367867_2174056311057929676_n.mp4?_=1\" \/><a href=\"http:\/\/teamtetesraids.fr\/wp-content\/uploads\/2021\/09\/10000000_407677717367867_2174056311057929676_n.mp4\">http:\/\/teamtetesraids.fr\/wp-content\/uploads\/2021\/09\/10000000_407677717367867_2174056311057929676_n.mp4<\/a><\/video><\/div>\n","protected":false},"excerpt":{"rendered":"<p>L&rsquo;association TTR \u00e0 \u00e9t\u00e9 cr\u00e9er en 2011, elle r\u00e9unit une bande de copain passionn\u00e9 de Course Outdoor et particuli\u00e8rement toutes les \u00e9preuves ou l&rsquo;orientation est reine. Nous organisons une course d&rsquo;orientation annuelle&nbsp; Cette ann\u00e9e nous avons 10 ans<\/p>\n","protected":false},"author":1,"featured_media":0,"parent":0,"menu_order":0,"comment_status":"closed","ping_status":"closed","template":"","meta":{"ngg_post_thumbnail":0},"_links":{"self":[{"href":"https:\/\/teamtetesraids.fr\/index.php\/wp-json\/wp\/v2\/pages\/85"}],"collection":[{"href":"https:\/\/teamtetesraids.fr\/index.php\/wp-json\/wp\/v2\/pages"}],"about":[{"href":"https:\/\/teamtetesraids.fr\/index.php\/wp-json\/wp\/v2\/types\/page"}],"author":[{"embeddable":true,"href":"https:\/\/teamtetesraids.fr\/index.php\/wp-json\/wp\/v2\/users\/1"}],"replies":[{"embeddable":true,"href":"https:\/\/teamtetesraids.fr\/index.php\/wp-json\/wp\/v2\/comments?post=85"}],"version-history":[{"count":6,"href":"https:\/\/teamtetesraids.fr\/index.php\/wp-json\/wp\/v2\/pages\/85\/revisions"}],"predecessor-version":[{"id":733,"href":"https:\/\/teamtetesraids.fr\/index.php\/wp-json\/wp\/v2\/pages\/85\/revisions\/733"}],"wp:attachment":[{"href":"https:\/\/teamtetesraids.fr\/index.php\/wp-json\/wp\/v2\/media?parent=85"}],"curies":[{"name":"wp","href":"https:\/\/api.w.org\/{rel}","templated":true}]}}